{"id":1588,"date":"2026-02-20T20:18:54","date_gmt":"2026-02-20T19:18:54","guid":{"rendered":"https:\/\/skrinjica.si\/?page_id=1588"},"modified":"2026-03-06T04:38:10","modified_gmt":"2026-03-06T03:38:10","slug":"odprta-skrinjica","status":"publish","type":"page","link":"https:\/\/skrinjica.si\/","title":{"rendered":"Odprta skrinjica"},"content":{"rendered":"\n<p>kjer besede o\u017eivijo in kraji dobijo svojo zgodbo. Tukaj zbiramo igrive, rahlo hudomu\u0161ne in \u010darobne pripovedi, namenjene otrokom ter vsem radovednim bralcem, ki jih zanima, kaj se skriva za imeni in besedami.<\/p>\n\n\n\n<p>V skrinjici lahko raziskujete \u0161tiri razli\u010dne koti\u010dke:<\/p>\n\n\n\n<p>\u2728<a href=\"https:\/\/skrinjica.si\/?page_id=2090\">Iskrice: <\/a>Tople in igrive zgodbe za ve\u010derno branje, kjer pravljice nujno potrebujejo pomo\u010d. <br>\ud83d\udd38<a href=\"https:\/\/skrinjica.si\/?page_id=1593\" data-type=\"page\" data-id=\"1221\">Frazemi<\/a>:\u00a0Domi\u0161ljijske razlage slovenskih rekov, ki smo jih na\u0161li na portalu Fran.<br>\ud83d\udd39<a href=\"https:\/\/skrinjica.si\/?page_id=1600\" data-type=\"page\" data-id=\"941\">Atlas:<\/a>\u00a0Zgodbice o tem, kako so slovenski kraji dobili svoja imena, navdihnjene z Atlasom Slovenije.<br>\ud83c\udfa7<a href=\"https:\/\/skrinjica.si\/?page_id=2069\" data-type=\"page\" data-id=\"517\">Pravljice<\/a><a href=\"https:\/\/skrinjica.si\/?page_id=517\" data-type=\"page\" data-id=\"517\">:<\/a> \u010cude\u017eni svet ve\u010d kot 500 ljudskih pravljic z vseh koncev sveta.<\/p>\n\n\n\n<p>Zadnje objave:<\/p>\n\n\n\n<div class=\"wp-block-columns is-layout-flex wp-container-core-columns-is-layout-9d6595d7 wp-block-columns-is-layout-flex\">\n<div class=\"wp-block-column is-layout-flow wp-block-column-is-layout-flow\"><ul class=\"wp-block-latest-posts__list wp-block-latest-posts\"><li><a class=\"wp-block-latest-posts__post-title\" href=\"https:\/\/skrinjica.si\/?p=2315\">\u2728Modrost pod kitajsko streho<\/a><\/li>\n<li><a class=\"wp-block-latest-posts__post-title\" href=\"https:\/\/skrinjica.si\/?p=2308\">\ud83d\udd38Sekira mu je padla v med<\/a><\/li>\n<li><a class=\"wp-block-latest-posts__post-title\" href=\"https:\/\/skrinjica.si\/?p=2271\">\ud83d\udd39Nekaj je narobe<\/a><\/li>\n<li><a class=\"wp-block-latest-posts__post-title\" href=\"https:\/\/skrinjica.si\/?p=2259\">\u2728Pogumni kroja\u010dek<\/a><\/li>\n<li><a class=\"wp-block-latest-posts__post-title\" href=\"https:\/\/skrinjica.si\/?p=2248\">\ud83d\udd38Naj me koklja brcne!<\/a><\/li>\n<\/ul>\n\n\n<figure class=\"wp-block-embed is-type-rich is-provider-spotify wp-block-embed-spotify\"><div class=\"wp-block-embed__wrapper\">\n<iframe title=\"Spotify Embed: Kako je morje postalo slano, etiopska pravljica\" style=\"border-radius: 12px\" width=\"100%\" height=\"152\" frameborder=\"0\" allowfullscreen allow=\"autoplay; clipboard-write; encrypted-media; fullscreen; picture-in-picture\" loading=\"lazy\" src=\"https:\/\/open.spotify.com\/embed\/show\/4W9iNeSad26yrfx1W4hf7j?utm_source=oembed\"><\/iframe>\n<\/div><\/figure>\n<\/div>\n\n\n\n<div class=\"wp-block-column is-layout-flow wp-block-column-is-layout-flow\">\n<div class=\"wp-block-media-text alignwide is-stacked-on-mobile is-vertically-aligned-bottom\" style=\"grid-template-columns:65% auto\"><figure class=\"wp-block-media-text__media\"><img loading=\"lazy\" decoding=\"async\" width=\"932\" height=\"1024\" src=\"https:\/\/skrinjica.si\/wp-content\/uploads\/2026\/02\/prva-stran-932x1024.png\" alt=\"\" class=\"wp-image-1589 size-full\" srcset=\"https:\/\/skrinjica.si\/wp-content\/uploads\/2026\/02\/prva-stran-932x1024.png 932w, https:\/\/skrinjica.si\/wp-content\/uploads\/2026\/02\/prva-stran-273x300.png 273w, https:\/\/skrinjica.si\/wp-content\/uploads\/2026\/02\/prva-stran-768x844.png 768w, https:\/\/skrinjica.si\/wp-content\/uploads\/2026\/02\/prva-stran.png 1142w\" sizes=\"auto, (max-width: 932px) 100vw, 932px\" \/><\/figure><div class=\"wp-block-media-text__content\">\n<p><\/p>\n<\/div><\/div>\n<\/div>\n<\/div>\n","protected":false},"excerpt":{"rendered":"<p>kjer besede o\u017eivijo in kraji dobijo svojo zgodbo. Tukaj zbiramo igrive, rahlo hudomu\u0161ne in \u010darobne pripovedi, namenjene otrokom ter vsem radovednim bralcem, ki jih zanima, kaj se skriva za imeni in besedami. V skrinjici lahko raziskujete \u0161tiri razli\u010dne koti\u010dke: \u2728Iskrice: Tople in igrive zgodbe za ve\u010derno branje, kjer pravljice nujno potrebujejo pomo\u010d. \ud83d\udd38Frazemi:\u00a0Domi\u0161ljijske razlage slovenskih&#8230; <a class=\"read-more\" href=\"https:\/\/skrinjica.si\/\">Poslu\u0161aj pravljico \u2192<\/a><\/p>\n","protected":false},"author":1,"featured_media":0,"parent":0,"menu_order":0,"comment_status":"closed","ping_status":"closed","template":"","meta":{"footnotes":""},"class_list":["post-1588","page","type-page","status-publish"],"_links":{"self":[{"href":"https:\/\/skrinjica.si\/index.php?rest_route=\/wp\/v2\/pages\/1588","targetHints":{"allow":["GET"]}}],"collection":[{"href":"https:\/\/skrinjica.si\/index.php?rest_route=\/wp\/v2\/pages"}],"about":[{"href":"https:\/\/skrinjica.si\/index.php?rest_route=\/wp\/v2\/types\/page"}],"author":[{"embeddable":true,"href":"https:\/\/skrinjica.si\/index.php?rest_route=\/wp\/v2\/users\/1"}],"replies":[{"embeddable":true,"href":"https:\/\/skrinjica.si\/index.php?rest_route=%2Fwp%2Fv2%2Fcomments&post=1588"}],"version-history":[{"count":4,"href":"https:\/\/skrinjica.si\/index.php?rest_route=\/wp\/v2\/pages\/1588\/revisions"}],"predecessor-version":[{"id":2115,"href":"https:\/\/skrinjica.si\/index.php?rest_route=\/wp\/v2\/pages\/1588\/revisions\/2115"}],"wp:attachment":[{"href":"https:\/\/skrinjica.si\/index.php?rest_route=%2Fwp%2Fv2%2Fmedia&parent=1588"}],"curies":[{"name":"wp","href":"https:\/\/api.w.org\/{rel}","templated":true}]}}