{"id":2090,"date":"2026-03-04T18:38:56","date_gmt":"2026-03-04T17:38:56","guid":{"rendered":"https:\/\/skrinjica.si\/?page_id=2090"},"modified":"2026-04-23T08:20:26","modified_gmt":"2026-04-23T06:20:26","slug":"%e2%9c%a8iskrice-2","status":"publish","type":"page","link":"https:\/\/skrinjica.si\/?page_id=2090","title":{"rendered":"\u2728Iskrice"},"content":{"rendered":"\n<p>Dobrodo\u0161li med <strong>Iskrice<\/strong> \u2013 zbirko toplih, igrivih in \u010darobnih zgodb za star\u0161e, ki radi berejo svojim otrokom. <br>V\u010dasih se v svetu pravljic nekaj zatakne \u2014 volk izgubi glas, potka se zmede ali pa liki preprosto ne vedo, kako naprej. Takrat se v gozdu pri\u017ege skrivnostna svetloba in prikli\u010de dvoj\u010dka Ulo in Nandeta, ki lahko stopita v risani svet in pomagata pravljici, da spet ste\u010de. Vsaka zgodba je nova dogodiv\u0161\u010dina. Vsaka pravljica je nova Iskrica.<\/p>\n\n\n\n<p>Vse se je za\u010delo neko\u010d na poti iz \u0161ole. Tisti usodni trenutek je prerasel v dogajanje, ki se je s\u010dasoma izoblikovalo v zgodbe. <br>Vsaka je svet zase in vsaka tli s svojo zgodbo. Povej, \u010de so ti zgodbice v\u0161e\u010d in predlagaj nov zaplet v kateri od znanih pravljic. Dr. Brska\u010d bo poskrbel za napeto zgodbo!<\/p>\n\n\n\n<div class=\"wp-block-group is-layout-grid wp-container-core-group-is-layout-a048db89 wp-block-group-is-layout-grid\">\n<figure class=\"wp-block-image size-full\"><a href=\"mailto:natasa.holy@gmail.com\"><img loading=\"lazy\" decoding=\"async\" width=\"702\" height=\"1103\" src=\"https:\/\/skrinjica.si\/wp-content\/uploads\/2026\/02\/VabiloIskrice-1.png\" alt=\"\" class=\"wp-image-1614\" srcset=\"https:\/\/skrinjica.si\/wp-content\/uploads\/2026\/02\/VabiloIskrice-1.png 702w, https:\/\/skrinjica.si\/wp-content\/uploads\/2026\/02\/VabiloIskrice-1-191x300.png 191w, https:\/\/skrinjica.si\/wp-content\/uploads\/2026\/02\/VabiloIskrice-1-652x1024.png 652w\" sizes=\"auto, (max-width: 702px) 100vw, 702px\" \/><\/a><figcaption class=\"wp-element-caption\"><strong><a href=\"mailto:natasa.holy@gmail.com\">Pi\u0161i dr. Brska\u010du<\/a><\/strong><\/figcaption><\/figure>\n\n\n\n<figure class=\"wp-block-image size-full wp-container-content-65aae1f9\"><a href=\"https:\/\/skrinjica.si\/?p=350\"><img loading=\"lazy\" decoding=\"async\" width=\"444\" height=\"644\" src=\"https:\/\/skrinjica.si\/wp-content\/uploads\/2026\/02\/glavna12.png\" alt=\"\" class=\"wp-image-1432\" srcset=\"https:\/\/skrinjica.si\/wp-content\/uploads\/2026\/02\/glavna12.png 444w, https:\/\/skrinjica.si\/wp-content\/uploads\/2026\/02\/glavna12-207x300.png 207w\" sizes=\"auto, (max-width: 444px) 100vw, 444px\" \/><\/a><figcaption class=\"wp-element-caption\">1. <strong>Ko se utrne prva iskrica<\/strong><\/figcaption><\/figure>\n\n\n\n<figure class=\"wp-block-image size-full wp-container-content-65aae1f9\"><a href=\"https:\/\/skrinjica.si\/?p=366\"><img loading=\"lazy\" decoding=\"async\" width=\"443\" height=\"654\" src=\"https:\/\/skrinjica.si\/wp-content\/uploads\/2026\/02\/VolkinRK1-1.png\" alt=\"\" class=\"wp-image-1487\" srcset=\"https:\/\/skrinjica.si\/wp-content\/uploads\/2026\/02\/VolkinRK1-1.png 443w, https:\/\/skrinjica.si\/wp-content\/uploads\/2026\/02\/VolkinRK1-1-203x300.png 203w\" sizes=\"auto, (max-width: 443px) 100vw, 443px\" \/><\/a><figcaption class=\"wp-element-caption\"><strong>2. Prehlajeni volk<\/strong><\/figcaption><\/figure>\n\n\n\n<figure class=\"wp-block-image size-full wp-container-content-65aae1f9\"><a href=\"https:\/\/skrinjica.si\/?p=2350\"><img loading=\"lazy\" decoding=\"async\" width=\"832\" height=\"1216\" src=\"https:\/\/skrinjica.si\/wp-content\/uploads\/2026\/04\/loncek.png\" alt=\"\" class=\"wp-image-2351\" srcset=\"https:\/\/skrinjica.si\/wp-content\/uploads\/2026\/04\/loncek.png 832w, https:\/\/skrinjica.si\/wp-content\/uploads\/2026\/04\/loncek-205x300.png 205w, https:\/\/skrinjica.si\/wp-content\/uploads\/2026\/04\/loncek-701x1024.png 701w, https:\/\/skrinjica.si\/wp-content\/uploads\/2026\/04\/loncek-768x1122.png 768w\" sizes=\"auto, (max-width: 832px) 100vw, 832px\" \/><\/a><figcaption class=\"wp-element-caption\"><strong><a href=\"https:\/\/skrinjica.si\/?p=2350\" data-type=\"post\" data-id=\"2350\">Skrivnost lon\u010dka in gorja\u010de<\/a><\/strong><\/figcaption><\/figure>\n\n\n\n<figure class=\"wp-block-image size-full wp-container-content-65aae1f9\"><a href=\"https:\/\/skrinjica.si\/?p=2126\"><img loading=\"lazy\" decoding=\"async\" width=\"450\" height=\"645\" src=\"https:\/\/skrinjica.si\/wp-content\/uploads\/2026\/03\/VolkKoza.png\" alt=\"\" class=\"wp-image-2127\" srcset=\"https:\/\/skrinjica.si\/wp-content\/uploads\/2026\/03\/VolkKoza.png 450w, https:\/\/skrinjica.si\/wp-content\/uploads\/2026\/03\/VolkKoza-209x300.png 209w\" sizes=\"auto, (max-width: 450px) 100vw, 450px\" \/><\/a><figcaption class=\"wp-element-caption\"><strong><a href=\"https:\/\/skrinjica.si\/?p=2126\" data-type=\"post\" data-id=\"2126\">Volk in \u0161est kozli\u010dkov<\/a><\/strong><\/figcaption><\/figure>\n\n\n\n<figure class=\"wp-block-image size-full\"><img loading=\"lazy\" decoding=\"async\" width=\"644\" height=\"954\" src=\"https:\/\/skrinjica.si\/wp-content\/uploads\/2026\/04\/VN.png\" alt=\"\" class=\"wp-image-2333\" srcset=\"https:\/\/skrinjica.si\/wp-content\/uploads\/2026\/04\/VN.png 644w, https:\/\/skrinjica.si\/wp-content\/uploads\/2026\/04\/VN-203x300.png 203w\" sizes=\"auto, (max-width: 644px) 100vw, 644px\" \/><\/figure>\n\n\n\n<figure class=\"wp-block-image size-full\"><a href=\"https:\/\/skrinjica.si\/?p=370\"><img loading=\"lazy\" decoding=\"async\" width=\"445\" height=\"647\" src=\"https:\/\/skrinjica.si\/wp-content\/uploads\/2026\/02\/janko-in-metka.png\" alt=\"\" class=\"wp-image-2010\" srcset=\"https:\/\/skrinjica.si\/wp-content\/uploads\/2026\/02\/janko-in-metka.png 445w, https:\/\/skrinjica.si\/wp-content\/uploads\/2026\/02\/janko-in-metka-206x300.png 206w\" sizes=\"auto, (max-width: 445px) 100vw, 445px\" \/><\/a><figcaption class=\"wp-element-caption\"><strong><a href=\"https:\/\/skrinjica.si\/?p=2008\" data-type=\"post\" data-id=\"2008\">Janko, Metka in tatinska sraka<\/a><\/strong><\/figcaption><\/figure>\n\n\n\n<figure class=\"wp-block-image size-full wp-container-content-65aae1f9\"><a href=\"https:\/\/skrinjica.si\/?p=2206\"><img loading=\"lazy\" decoding=\"async\" width=\"441\" height=\"644\" src=\"https:\/\/skrinjica.si\/wp-content\/uploads\/2026\/03\/zeljnica-1.png\" alt=\"\" class=\"wp-image-2210\" srcset=\"https:\/\/skrinjica.si\/wp-content\/uploads\/2026\/03\/zeljnica-1.png 441w, https:\/\/skrinjica.si\/wp-content\/uploads\/2026\/03\/zeljnica-1-205x300.png 205w\" sizes=\"auto, (max-width: 441px) 100vw, 441px\" \/><\/a><figcaption class=\"wp-element-caption\"><strong><a href=\"https:\/\/skrinjica.si\/?p=2206\" data-type=\"post\" data-id=\"2206\">Ko se pravljica skisa<\/a><\/strong><\/figcaption><\/figure>\n\n\n\n<figure class=\"wp-block-image size-full wp-container-content-65aae1f9\"><a href=\"https:\/\/skrinjica.si\/?p=2315\"><img loading=\"lazy\" decoding=\"async\" width=\"832\" height=\"1216\" src=\"https:\/\/skrinjica.si\/wp-content\/uploads\/2026\/04\/ModrostPoKitajsko.png\" alt=\"\" class=\"wp-image-2316\" srcset=\"https:\/\/skrinjica.si\/wp-content\/uploads\/2026\/04\/ModrostPoKitajsko.png 832w, https:\/\/skrinjica.si\/wp-content\/uploads\/2026\/04\/ModrostPoKitajsko-205x300.png 205w, https:\/\/skrinjica.si\/wp-content\/uploads\/2026\/04\/ModrostPoKitajsko-701x1024.png 701w, https:\/\/skrinjica.si\/wp-content\/uploads\/2026\/04\/ModrostPoKitajsko-768x1122.png 768w\" sizes=\"auto, (max-width: 832px) 100vw, 832px\" \/><\/a><figcaption class=\"wp-element-caption\"><strong><a href=\"https:\/\/skrinjica.si\/?p=2315\" data-type=\"post\" data-id=\"2315\">Modrost pod kitajsko streho<\/a><\/strong><\/figcaption><\/figure>\n\n\n\n<figure class=\"wp-block-image size-full wp-container-content-65aae1f9\"><a href=\"https:\/\/skrinjica.si\/?p=2188\"><img loading=\"lazy\" decoding=\"async\" width=\"449\" height=\"649\" src=\"https:\/\/skrinjica.si\/wp-content\/uploads\/2026\/03\/Las.png\" alt=\"\" class=\"wp-image-2189\" srcset=\"https:\/\/skrinjica.si\/wp-content\/uploads\/2026\/03\/Las.png 449w, https:\/\/skrinjica.si\/wp-content\/uploads\/2026\/03\/Las-208x300.png 208w\" sizes=\"auto, (max-width: 449px) 100vw, 449px\" \/><\/a><figcaption class=\"wp-element-caption\"><strong><a href=\"https:\/\/skrinjica.si\/?p=2188\" data-type=\"post\" data-id=\"2188\">Riba velikanka in zavozlani las<\/a><\/strong><\/figcaption><\/figure>\n\n\n\n<figure class=\"wp-block-image size-full wp-container-content-65aae1f9\"><a href=\"https:\/\/skrinjica.si\/?p=2259\"><img loading=\"lazy\" decoding=\"async\" width=\"1024\" height=\"1536\" src=\"https:\/\/skrinjica.si\/wp-content\/uploads\/2026\/03\/Krojacek-1.png\" alt=\"\" class=\"wp-image-2268\" srcset=\"https:\/\/skrinjica.si\/wp-content\/uploads\/2026\/03\/Krojacek-1.png 1024w, https:\/\/skrinjica.si\/wp-content\/uploads\/2026\/03\/Krojacek-1-200x300.png 200w, https:\/\/skrinjica.si\/wp-content\/uploads\/2026\/03\/Krojacek-1-683x1024.png 683w, https:\/\/skrinjica.si\/wp-content\/uploads\/2026\/03\/Krojacek-1-768x1152.png 768w\" sizes=\"auto, (max-width: 1024px) 100vw, 1024px\" \/><\/a><figcaption class=\"wp-element-caption\"><strong><a href=\"https:\/\/skrinjica.si\/?p=2259\" data-type=\"post\" data-id=\"2259\">Pogumni kroja\u010dek in pobegle muhe<\/a><\/strong><\/figcaption><\/figure>\n\n\n\n<figure class=\"wp-block-image size-full wp-container-content-65aae1f9\"><a href=\"https:\/\/skrinjica.si\/?p=373\"><img loading=\"lazy\" decoding=\"async\" width=\"443\" height=\"646\" src=\"https:\/\/skrinjica.si\/wp-content\/uploads\/2026\/03\/Trnuljcica.png\" alt=\"\" class=\"wp-image-2091\" srcset=\"https:\/\/skrinjica.si\/wp-content\/uploads\/2026\/03\/Trnuljcica.png 443w, https:\/\/skrinjica.si\/wp-content\/uploads\/2026\/03\/Trnuljcica-206x300.png 206w\" sizes=\"auto, (max-width: 443px) 100vw, 443px\" \/><\/a><figcaption class=\"wp-element-caption\"><strong><a href=\"https:\/\/skrinjica.si\/?p=373\" data-type=\"post\" data-id=\"373\">Trnulj\u010dica brez kolovrata<\/a><\/strong><\/figcaption><\/figure>\n\n\n\n<figure class=\"wp-block-image size-full wp-container-content-65aae1f9\"><a href=\"https:\/\/skrinjica.si\/?p=2152\"><img loading=\"lazy\" decoding=\"async\" width=\"449\" height=\"633\" src=\"https:\/\/skrinjica.si\/wp-content\/uploads\/2026\/03\/mec.png\" alt=\"\" class=\"wp-image-2153\" srcset=\"https:\/\/skrinjica.si\/wp-content\/uploads\/2026\/03\/mec.png 449w, https:\/\/skrinjica.si\/wp-content\/uploads\/2026\/03\/mec-213x300.png 213w\" sizes=\"auto, (max-width: 449px) 100vw, 449px\" \/><\/a><figcaption class=\"wp-element-caption\"><strong><a href=\"https:\/\/skrinjica.si\/?p=2152\" data-type=\"post\" data-id=\"2152\">Ogor\u010deni zmaj<\/a><\/strong><\/figcaption><\/figure>\n<\/div>\n\n\n\n<div class=\"wp-block-group is-layout-grid wp-container-core-group-is-layout-a048db89 wp-block-group-is-layout-grid\"><\/div>\n\n\n\n<p><\/p>\n\n\n\n<p><\/p>\n\n\n\n<div class=\"wp-block-columns is-layout-flex wp-container-core-columns-is-layout-9d6595d7 wp-block-columns-is-layout-flex\">\n<div class=\"wp-block-column is-layout-flow wp-block-column-is-layout-flow\"><div class=\"has-avatars has-dates has-excerpts no-comments wp-block-latest-comments\">Ni komentarjev za prikaz.<\/div><\/div>\n<\/div>\n\n\n\n<p><\/p>\n","protected":false},"excerpt":{"rendered":"<p>Dobrodo\u0161li med Iskrice \u2013 zbirko toplih, igrivih in \u010darobnih zgodb za star\u0161e, ki radi berejo svojim otrokom. V\u010dasih se v svetu pravljic nekaj zatakne \u2014 volk izgubi glas, potka se zmede ali pa liki preprosto ne vedo, kako naprej. Takrat se v gozdu pri\u017ege skrivnostna svetloba in prikli\u010de dvoj\u010dka Ulo in Nandeta, ki lahko stopita&#8230; <a class=\"read-more\" href=\"https:\/\/skrinjica.si\/?page_id=2090\">Poslu\u0161aj pravljico \u2192<\/a><\/p>\n","protected":false},"author":1,"featured_media":0,"parent":0,"menu_order":0,"comment_status":"open","ping_status":"closed","template":"","meta":{"footnotes":""},"class_list":["post-2090","page","type-page","status-publish"],"_links":{"self":[{"href":"https:\/\/skrinjica.si\/index.php?rest_route=\/wp\/v2\/pages\/2090","targetHints":{"allow":["GET"]}}],"collection":[{"href":"https:\/\/skrinjica.si\/index.php?rest_route=\/wp\/v2\/pages"}],"about":[{"href":"https:\/\/skrinjica.si\/index.php?rest_route=\/wp\/v2\/types\/page"}],"author":[{"embeddable":true,"href":"https:\/\/skrinjica.si\/index.php?rest_route=\/wp\/v2\/users\/1"}],"replies":[{"embeddable":true,"href":"https:\/\/skrinjica.si\/index.php?rest_route=%2Fwp%2Fv2%2Fcomments&post=2090"}],"version-history":[{"count":16,"href":"https:\/\/skrinjica.si\/index.php?rest_route=\/wp\/v2\/pages\/2090\/revisions"}],"predecessor-version":[{"id":2354,"href":"https:\/\/skrinjica.si\/index.php?rest_route=\/wp\/v2\/pages\/2090\/revisions\/2354"}],"wp:attachment":[{"href":"https:\/\/skrinjica.si\/index.php?rest_route=%2Fwp%2Fv2%2Fmedia&parent=2090"}],"curies":[{"name":"wp","href":"https:\/\/api.w.org\/{rel}","templated":true}]}}