{"id":52,"date":"2026-01-26T18:45:40","date_gmt":"2026-01-26T17:45:40","guid":{"rendered":"https:\/\/skrinjica.si\/?page_id=52"},"modified":"2026-05-04T12:39:05","modified_gmt":"2026-05-04T10:39:05","slug":"o-strani","status":"publish","type":"page","link":"https:\/\/skrinjica.si\/?page_id=52","title":{"rendered":"O Skrinjici"},"content":{"rendered":"\n<p>Ta spletna stran zdru\u017euje kratke pripovedi, ki izhajajo iz slovenskega jezika in prostora. <br>Zgodbe na igriv na\u010din razkrivajo pomen znanih jezikovnih izrazov, frazemov ali pa o\u017eivljajo slovenska zemljepisna imena.<br>Besedila so namenjena otrokom in vsem radovednim bralcem, ki radi raziskujejo pomen besed in krajev skozi pripoved.<br>Posebno mesto zasedajo Iskrice \u2013 izviren preplet pravlji\u010dnosti in sodobne fantazije.<br>Na podkastu&nbsp;<a href=\"https:\/\/open.spotify.com\/show\/4W9iNeSad26yrfx1W4hf7j\" target=\"_blank\" rel=\"noreferrer noopener\">Babi bere pravljice<\/a>&nbsp;lahko prisluhnete pravljicam z vsega sveta.<\/p>\n\n\n\n<hr class=\"wp-block-separator has-alpha-channel-opacity\"\/>\n\n\n\n<p>Besedila zgodbic nastajajo v sodelovanju z umetno inteligenco.<br>Skrbnica in urednica spletnih vsebin: Nata\u0161a Holy. Pi\u0161i mi: <a href=\"mailto:babin.bere@gmail.com\">babiN.bere@gmail.com<\/a><br>Ustvarjam in razvijam to spletno stran, skrbim za pripravo, urejanje in objavo vsebin ter za pregledno in uporabnikom prijazno predstavitev informacij. <br>Vir zemljepisnih imen: Atlas Slovenije, Mladinska knjiga in Geodetski zavod Slovenije, Ljubljana, 1985.<br>Frazemi so povzeti po viru Fran.si:\u00a0<a href=\"https:\/\/fran.si\/iskanje?FilteredDictionaryIds=192&amp;View=1&amp;Query=%2A\">Janez Keber:\u00a0<em>Slovar slovenskih frazemov<\/em><\/a>.<br>Ilustracije: <a href=\"https:\/\/app.artistly.ai\/ai\/ai-illustrator\" target=\"_blank\" rel=\"noreferrer noopener\">Artistly.<\/a><\/p>\n\n\n\n<p><\/p>\n","protected":false},"excerpt":{"rendered":"<p>Ta spletna stran zdru\u017euje kratke pripovedi, ki izhajajo iz slovenskega jezika in prostora. Zgodbe na igriv na\u010din razkrivajo pomen znanih jezikovnih izrazov, frazemov ali pa o\u017eivljajo slovenska zemljepisna imena.Besedila so namenjena otrokom in vsem radovednim bralcem, ki radi raziskujejo pomen besed in krajev skozi pripoved.Posebno mesto zasedajo Iskrice \u2013 izviren preplet pravlji\u010dnosti in sodobne fantazije.Na&#8230; <a class=\"read-more\" href=\"https:\/\/skrinjica.si\/?page_id=52\">Poslu\u0161aj pravljico \u2192<\/a><\/p>\n","protected":false},"author":1,"featured_media":0,"parent":0,"menu_order":0,"comment_status":"closed","ping_status":"closed","template":"","meta":{"footnotes":""},"class_list":["post-52","page","type-page","status-publish"],"_links":{"self":[{"href":"https:\/\/skrinjica.si\/index.php?rest_route=\/wp\/v2\/pages\/52","targetHints":{"allow":["GET"]}}],"collection":[{"href":"https:\/\/skrinjica.si\/index.php?rest_route=\/wp\/v2\/pages"}],"about":[{"href":"https:\/\/skrinjica.si\/index.php?rest_route=\/wp\/v2\/types\/page"}],"author":[{"embeddable":true,"href":"https:\/\/skrinjica.si\/index.php?rest_route=\/wp\/v2\/users\/1"}],"replies":[{"embeddable":true,"href":"https:\/\/skrinjica.si\/index.php?rest_route=%2Fwp%2Fv2%2Fcomments&post=52"}],"version-history":[{"count":17,"href":"https:\/\/skrinjica.si\/index.php?rest_route=\/wp\/v2\/pages\/52\/revisions"}],"predecessor-version":[{"id":2125,"href":"https:\/\/skrinjica.si\/index.php?rest_route=\/wp\/v2\/pages\/52\/revisions\/2125"}],"wp:attachment":[{"href":"https:\/\/skrinjica.si\/index.php?rest_route=%2Fwp%2Fv2%2Fmedia&parent=52"}],"curies":[{"name":"wp","href":"https:\/\/api.w.org\/{rel}","templated":true}]}}